{"id":3016,"date":"2018-03-13T10:47:34","date_gmt":"2018-03-13T10:47:34","guid":{"rendered":"http:\/\/hslab.atomki.hu\/munkatarsak\/"},"modified":"2024-03-31T17:42:52","modified_gmt":"2024-03-31T17:42:52","slug":"people","status":"publish","type":"page","link":"https:\/\/hslab.atomki.hu\/en\/people\/","title":{"rendered":"People"},"content":{"rendered":"<div class=\"wpb-content-wrapper\"><p>[vc_row][vc_column][vc_column_text]<\/p>\n<h3>PEOPLE<\/h3>\n<p>[\/vc_column_text][vc_separator color=&#8221;custom&#8221; style=&#8221;dotted&#8221; border_width=&#8221;2&#8243; accent_color=&#8221;#ff1b29&#8243; css=&#8221;.vc_custom_1522578064492{margin-top: -3% !important;}&#8221;][\/vc_column][\/vc_row][vc_row][vc_column width=&#8221;1\/4&#8243;][\/vc_column][vc_column width=&#8221;1\/4&#8243;]<div class=\"team team_vertical\"><div class=\"image_frame photo no_link scale-with-grid\"><div class=\"image_wrapper\"><img decoding=\"async\" class=\"scale-with-grid\" src=\"https:\/\/i0.wp.com\/hslab.atomki.hu\/wp-content\/uploads\/sites\/5\/2015\/12\/Szikszai_Zita.jpg?fit=600%2C600&#038;ssl=1\" alt=\"People\" width=\"\" height=\"\"\/><\/div><\/div><div class=\"desc_wrapper clearfix\"><h4 class=\"desc_wrappper_title \">Zita Szikszai, PhD<\/h4><p class=\"subtitle\">research fellow, Head of HS Laboratory<\/p><p class=\"phone\"><i class=\"icon-phone\"><\/i> <a href=\"tel:+36 52 509 277\" aria-label=\"phone\">+36 52 509 277<\/a><\/p><hr class=\"hr_color\" \/><div class=\"desc\"><a href=\"mailto:szikszai@atomki.hu\">szikszai@atomki.hu<\/a><\/div><div class=\"links\"><\/div><\/div><\/div>\n[\/vc_column][vc_column width=&#8221;1\/4&#8243;]<div class=\"team team_vertical\"><div class=\"image_frame photo no_link scale-with-grid\"><div class=\"image_wrapper\"><img decoding=\"async\" class=\"scale-with-grid\" src=\"https:\/\/i0.wp.com\/hslab.atomki.hu\/wp-content\/uploads\/sites\/5\/2015\/12\/Kertesz_Zsofia.jpg?fit=600%2C600&#038;ssl=1\" alt=\"People\" width=\"\" height=\"\"\/><\/div><\/div><div class=\"desc_wrapper clearfix\"><h4 class=\"desc_wrappper_title \">Dr. Kert\u00e9sz Zs\u00f3fia<\/h4><p class=\"subtitle\">senior researcher<\/p><p class=\"phone\"><i class=\"icon-phone\"><\/i> <a href=\"tel:+36 52 509 277\" aria-label=\"phone\">+36 52 509 277<\/a><\/p><hr class=\"hr_color\" \/><div class=\"desc\"><a href=\"mailto:kertesz.zsofia@atomki.hu\">kertesz.zsofia@atomki.hu<\/a><\/div><div class=\"links\"><\/div><\/div><\/div>\n[\/vc_column][vc_column width=&#8221;1\/4&#8243;][\/vc_column][\/vc_row][vc_row][vc_column width=&#8221;1\/4&#8243;][\/vc_column][vc_column width=&#8221;1\/4&#8243;]<div class=\"team team_vertical\"><div class=\"image_frame photo no_link scale-with-grid\"><div class=\"image_wrapper\"><img decoding=\"async\" class=\"scale-with-grid\" src=\"https:\/\/i0.wp.com\/hslab.atomki.hu\/wp-content\/uploads\/sites\/5\/2018\/10\/Angyal_Aniko.jpg?fit=600%2C600&#038;ssl=1\" alt=\"People\" width=\"\" height=\"\"\/><\/div><\/div><div class=\"desc_wrapper clearfix\"><h4 class=\"desc_wrappper_title \">Dr. Angyal Anik\u00f3<\/h4><p class=\"subtitle\">research fellow<\/p><p class=\"phone\"><i class=\"icon-phone\"><\/i> <a href=\"tel:+36 52 509 200 \/ 11337\" aria-label=\"phone\">+36 52 509 200 \/ 11337<\/a><\/p><hr class=\"hr_color\" \/><div class=\"desc\"><a href=\"mailto:angyal.aniko@atomki.hu\">angyal.aniko@atomki.hu<\/a><\/div><div class=\"links\"><\/div><\/div><\/div>\n[\/vc_column][vc_column width=&#8221;1\/4&#8243;]<div class=\"team team_vertical\"><div class=\"image_frame photo no_link scale-with-grid\"><div class=\"image_wrapper\"><img decoding=\"async\" class=\"scale-with-grid\" src=\"https:\/\/i0.wp.com\/hslab.atomki.hu\/wp-content\/uploads\/sites\/5\/2018\/11\/Donczo_Boglarka.jpg?fit=600%2C600&#038;ssl=1\" alt=\"People\" width=\"\" height=\"\"\/><\/div><\/div><div class=\"desc_wrapper clearfix\"><h4 class=\"desc_wrappper_title \">Dr. D\u00f6ncz\u0151 Bogl\u00e1rka<\/h4><p class=\"subtitle\">research fellow<\/p><p class=\"phone\"><i class=\"icon-phone\"><\/i> <a href=\"tel:+36 52 509 200 \/ 11205\" aria-label=\"phone\">+36 52 509 200 \/ 11205<\/a><\/p><hr class=\"hr_color\" \/><div class=\"desc\"><a href=\"mailto:d.boglarka@atomki.hu\">d.boglarka@atomki.hu<\/a><\/div><div class=\"links\"><\/div><\/div><\/div>\n[\/vc_column][vc_column width=&#8221;1\/4&#8243;][\/vc_column][\/vc_row][vc_row][vc_column width=&#8221;1\/4&#8243;][\/vc_column][vc_column width=&#8221;1\/4&#8243;]<div class=\"team team_vertical\"><div class=\"image_frame photo no_link scale-with-grid\"><div class=\"image_wrapper\"><img decoding=\"async\" class=\"scale-with-grid\" src=\"https:\/\/i0.wp.com\/hslab.atomki.hu\/wp-content\/uploads\/sites\/5\/2018\/11\/csepregi_akos.jpg?fit=600%2C600&#038;ssl=1\" alt=\"People\" width=\"\" height=\"\"\/><\/div><\/div><div class=\"desc_wrapper clearfix\"><h4 class=\"desc_wrappper_title \">Csepregi \u00c1kos<\/h4><p class=\"subtitle\">PhD student<\/p><p class=\"phone\"><i class=\"icon-phone\"><\/i> <a href=\"tel:+36 52 509 200 \/ 11360\" aria-label=\"phone\">+36 52 509 200 \/ 11360<\/a><\/p><hr class=\"hr_color\" \/><div class=\"desc\"><a href=\"mailto:csepregi.akos@atomki.hu\">csepregi.akos@atomki.hu<\/a><\/div><div class=\"links\"><\/div><\/div><\/div>\n[\/vc_column][vc_column width=&#8221;1\/4&#8243;][\/vc_column][vc_column width=&#8221;1\/4&#8243;][\/vc_column][\/vc_row]<\/p>\n<\/div>","protected":false},"excerpt":{"rendered":"<p>[vc_row][vc_column][vc_column_text] PEOPLE [\/vc_column_text][vc_separator color=&#8221;custom&#8221; style=&#8221;dotted&#8221; border_width=&#8221;2&#8243; accent_color=&#8221;#ff1b29&#8243; css=&#8221;.vc_custom_1522578064492{margin-top: -3% !important;}&#8221;][\/vc_column][\/vc_row][vc_row][vc_column width=&#8221;1\/4&#8243;][\/vc_column][vc_column width=&#8221;1\/4&#8243;][\/vc_column][vc_column width=&#8221;1\/4&#8243;][\/vc_column][vc_column width=&#8221;1\/4&#8243;][\/vc_column][\/vc_row][vc_row][vc_column width=&#8221;1\/4&#8243;][\/vc_column][vc_column width=&#8221;1\/4&#8243;][\/vc_column][vc_column width=&#8221;1\/4&#8243;][\/vc_column][vc_column width=&#8221;1\/4&#8243;][\/vc_column][\/vc_row][vc_row][vc_column width=&#8221;1\/4&#8243;][\/vc_column][vc_column width=&#8221;1\/4&#8243;][\/vc_column][vc_column width=&#8221;1\/4&#8243;][\/vc_column][vc_column width=&#8221;1\/4&#8243;][\/vc_column][\/vc_row]<\/p>\n","protected":false},"author":3,"featured_media":3416,"parent":0,"menu_order":0,"comment_status":"closed","ping_status":"closed","template":"","meta":{"inline_featured_image":false,"jetpack_post_was_ever_published":false,"footnotes":""},"class_list":["post-3016","page","type-page","status-publish","has-post-thumbnail","hentry"],"jetpack_shortlink":"https:\/\/wp.me\/PaF7CN-ME","_links":{"self":[{"href":"https:\/\/hslab.atomki.hu\/en\/wp-json\/wp\/v2\/pages\/3016","targetHints":{"allow":["GET"]}}],"collection":[{"href":"https:\/\/hslab.atomki.hu\/en\/wp-json\/wp\/v2\/pages"}],"about":[{"href":"https:\/\/hslab.atomki.hu\/en\/wp-json\/wp\/v2\/types\/page"}],"author":[{"embeddable":true,"href":"https:\/\/hslab.atomki.hu\/en\/wp-json\/wp\/v2\/users\/3"}],"replies":[{"embeddable":true,"href":"https:\/\/hslab.atomki.hu\/en\/wp-json\/wp\/v2\/comments?post=3016"}],"version-history":[{"count":7,"href":"https:\/\/hslab.atomki.hu\/en\/wp-json\/wp\/v2\/pages\/3016\/revisions"}],"predecessor-version":[{"id":4748,"href":"https:\/\/hslab.atomki.hu\/en\/wp-json\/wp\/v2\/pages\/3016\/revisions\/4748"}],"wp:featuredmedia":[{"embeddable":true,"href":"https:\/\/hslab.atomki.hu\/en\/wp-json\/wp\/v2\/media\/3416"}],"wp:attachment":[{"href":"https:\/\/hslab.atomki.hu\/en\/wp-json\/wp\/v2\/media?parent=3016"}],"curies":[{"name":"wp","href":"https:\/\/api.w.org\/{rel}","templated":true}]}}